{"id":2,"date":"2023-10-21T11:12:41","date_gmt":"2023-10-21T14:12:41","guid":{"rendered":"http:\/\/sushimendobrasil.com\/wp_isb\/?page_id=2"},"modified":"2026-03-20T10:10:17","modified_gmt":"2026-03-20T13:10:17","slug":"area_assinantes","status":"publish","type":"page","link":"https:\/\/sushimendobrasil.com\/wp_isb\/","title":{"rendered":"In\u00edcio \u00e1rea de assinantes"},"content":{"rendered":"\n<p>Aqui voc\u00ea encontra conte\u00fado importante:<\/p>\n\n\n\n<p><a href=\"https:\/\/sushimendobrasil.com\/wp_isb\/?page_id=371\" data-type=\"page\" data-id=\"371\">Nova ISB Flix<\/a><\/p>\n\n\n\n<figure class=\"wp-block-image size-large\"><img loading=\"lazy\" decoding=\"async\" width=\"1024\" height=\"769\" src=\"http:\/\/sushimendobrasil.com\/wp_isb\/wp-content\/uploads\/2023\/10\/IMG_20220413_155507-1024x769.jpg\" alt=\"\" class=\"wp-image-11\" srcset=\"https:\/\/sushimendobrasil.com\/wp_isb\/wp-content\/uploads\/2023\/10\/IMG_20220413_155507-1024x769.jpg 1024w, https:\/\/sushimendobrasil.com\/wp_isb\/wp-content\/uploads\/2023\/10\/IMG_20220413_155507-300x225.jpg 300w, https:\/\/sushimendobrasil.com\/wp_isb\/wp-content\/uploads\/2023\/10\/IMG_20220413_155507-768x577.jpg 768w, https:\/\/sushimendobrasil.com\/wp_isb\/wp-content\/uploads\/2023\/10\/IMG_20220413_155507-1536x1153.jpg 1536w, https:\/\/sushimendobrasil.com\/wp_isb\/wp-content\/uploads\/2023\/10\/IMG_20220413_155507-2048x1538.jpg 2048w\" sizes=\"auto, (max-width: 1024px) 100vw, 1024px\" \/><\/figure>\n\n\n\n<blockquote class=\"wp-block-quote is-layout-flow wp-block-quote-is-layout-flow\">\n<p>Ol\u00e1! Eu sou um mensageiro de bicicleta durante o dia, ator aspirante \u00e0 noite, e este \u00e9 o meu site. Eu moro em S\u00e3o Paulo, tenho um grande cachorro chamado Rex e gosto de tomar caipirinha (e banhos de chuva).<\/p>\n<\/blockquote>\n\n\n\n<p>&#8230;ou alguma coisa assim:<\/p>\n\n\n\n<blockquote class=\"wp-block-quote is-layout-flow wp-block-quote-is-layout-flow\">\n<p>A Companhia de Miniaturas XYZ foi fundada em 1971, e desde ent\u00e3o tem fornecido miniaturas de qualidade ao p\u00fablico. Localizada na cidade de Itu, a XYZ emprega mais de 2.000 pessoas e faz coisas grandiosas para a comunidade da cidade.<\/p>\n<\/blockquote>\n\n\n\n<p>Como um novo usu\u00e1rio do WordPress, voc\u00ea deveria ir ao <a href=\"http:\/\/sushimendobrasil.com\/wp_isb\/wp-admin\/\">painel<\/a> para excluir essa p\u00e1gina e criar novas p\u00e1ginas para o seu conte\u00fado. Divirta-se!<\/p>\n","protected":false},"excerpt":{"rendered":"<p>Aqui voc\u00ea encontra conte\u00fado importante: Nova ISB Flix Ol\u00e1! Eu sou um mensageiro de bicicleta durante o dia, ator aspirante \u00e0 noite, e este \u00e9 [&hellip;]<\/p>\n","protected":false},"author":1,"featured_media":0,"parent":0,"menu_order":1,"comment_status":"closed","ping_status":"closed","template":"","meta":{"footnotes":""},"class_list":["post-2","page","type-page","status-publish","hentry"],"_links":{"self":[{"href":"https:\/\/sushimendobrasil.com\/wp_isb\/index.php?rest_route=\/wp\/v2\/pages\/2","targetHints":{"allow":["GET"]}}],"collection":[{"href":"https:\/\/sushimendobrasil.com\/wp_isb\/index.php?rest_route=\/wp\/v2\/pages"}],"about":[{"href":"https:\/\/sushimendobrasil.com\/wp_isb\/index.php?rest_route=\/wp\/v2\/types\/page"}],"author":[{"embeddable":true,"href":"https:\/\/sushimendobrasil.com\/wp_isb\/index.php?rest_route=\/wp\/v2\/users\/1"}],"replies":[{"embeddable":true,"href":"https:\/\/sushimendobrasil.com\/wp_isb\/index.php?rest_route=%2Fwp%2Fv2%2Fcomments&post=2"}],"version-history":[{"count":6,"href":"https:\/\/sushimendobrasil.com\/wp_isb\/index.php?rest_route=\/wp\/v2\/pages\/2\/revisions"}],"predecessor-version":[{"id":32,"href":"https:\/\/sushimendobrasil.com\/wp_isb\/index.php?rest_route=\/wp\/v2\/pages\/2\/revisions\/32"}],"wp:attachment":[{"href":"https:\/\/sushimendobrasil.com\/wp_isb\/index.php?rest_route=%2Fwp%2Fv2%2Fmedia&parent=2"}],"curies":[{"name":"wp","href":"https:\/\/api.w.org\/{rel}","templated":true}]}}